{"id":3,"date":"2019-05-29T07:08:38","date_gmt":"2019-05-29T07:08:38","guid":{"rendered":"http:\/\/www.lfventilation.dk\/?page_id=3"},"modified":"2025-05-22T12:53:11","modified_gmt":"2025-05-22T10:53:11","slug":"privacy-policy","status":"publish","type":"page","link":"http:\/\/www.lfventilation.dk\/index.php\/privacy-policy\/","title":{"rendered":"Privatlivspolitik"},"content":{"rendered":"\n<h2 class=\"wp-block-heading\"><strong>Hvem vi er<\/strong><\/h2>\n\n\n\n<p>Vores webadresse er: <a class=\"\" href=\"http:\/\/www.lfventilation.dk\">http:\/\/www.lfventilation.dk<\/a>.<\/p>\n\n\n\n<p><strong>Hvilke personoplysninger vi indsamler og hvorfor vi indsamler dem<\/strong><\/p>\n\n\n\n<p><strong>Kommentarer<\/strong><\/p>\n\n\n\n<p>N\u00e5r bes\u00f8gende skriver kommentarer p\u00e5 siden, indsamler vi de data, der vises i kommentarskemaet, samt den bes\u00f8gendes IP-adresse og browserens brugeragentstreng for at hj\u00e6lpe med at opdage spam.<\/p>\n\n\n\n<p>En anonymiseret streng, der er oprettet ud fra din e-mailadresse (ogs\u00e5 kaldet en hash), kan blive sendt til Gravatar-tjenesten for at se, om du bruger den. Gravatar-tjenestens privatlivspolitik findes her: <a class=\"\" href=\"https:\/\/automattic.com\/privacy\/\">https:\/\/automattic.com\/privacy\/<\/a>. N\u00e5r din kommentar er godkendt, vil dit profilbillede v\u00e6re synligt for offentligheden i forbindelse med din kommentar.<\/p>\n\n\n\n<p><strong>Medier<\/strong><\/p>\n\n\n\n<p>Hvis du uploader billeder til hjemmesiden, b\u00f8r du undg\u00e5 at uploade billeder med indlejrede lokalitetsdata (EXIF GPS). Bes\u00f8gende p\u00e5 hjemmesiden kan downloade og udtr\u00e6kke alle lokalitetsdata fra billeder p\u00e5 siden.<\/p>\n\n\n\n<p><strong>Kontaktformularer<\/strong><\/p>\n\n\n\n<p><strong>Cookies<\/strong><\/p>\n\n\n\n<p>Hvis du skriver en kommentar p\u00e5 vores side, kan du v\u00e6lge at gemme dit navn, din e-mailadresse og din webadresse i cookies. Disse er til din bekvemmelighed, s\u00e5 du ikke skal udfylde dine oplysninger igen, n\u00e6ste gang du skriver en kommentar. Disse cookies vil vare i \u00e9t \u00e5r.<\/p>\n\n\n\n<p>Hvis du bes\u00f8ger vores login-side, vil vi oprette en midlertidig cookie for at afg\u00f8re, om din browser accepterer cookies. Denne cookie indeholder ingen personlige data og fjernes, n\u00e5r du lukker din browser.<\/p>\n\n\n\n<p>N\u00e5r du logger ind, vil vi ogs\u00e5 oprette flere cookies til at gemme dine loginoplysninger og dine sk\u00e6rmindstillinger. Login-cookies varer i to dage, og cookies for sk\u00e6rmindstillinger varer i et \u00e5r. Hvis du v\u00e6lger &#8220;Husk mig&#8221;, vil dit login vare i to uger. Hvis du logger ud af din konto, bliver login-cookierne fjernet.<\/p>\n\n\n\n<p>Hvis du redigerer eller udgiver en artikel, vil en yderligere cookie blive gemt i din browser. Denne cookie indeholder ingen personlige data og angiver blot ID&#8217;et p\u00e5 det indl\u00e6g, du lige har redigeret. Den udl\u00f8ber efter 1 dag.<\/p>\n\n\n\n<p><strong>Indlejret indhold fra andre hjemmesider<\/strong><\/p>\n\n\n\n<p>Artikler p\u00e5 denne side kan indeholde indlejret indhold (f.eks. videoer, billeder, artikler osv.). Indlejret indhold fra andre hjemmesider opf\u00f8rer sig p\u00e5 samme m\u00e5de, som hvis den bes\u00f8gende havde bes\u00f8gt den p\u00e5g\u00e6ldende anden hjemmeside.<\/p>\n\n\n\n<p>Disse hjemmesider kan indsamle data om dig, bruge cookies, integrere ekstra tredjeparts sporing og overv\u00e5ge din interaktion med det indlejrede indhold \u2013 herunder spore din interaktion, hvis du har en konto og er logget ind p\u00e5 den p\u00e5g\u00e6ldende hjemmeside.<\/p>\n\n\n\n<p><strong>Analyse<\/strong><\/p>\n\n\n\n<p><strong>Hvem vi deler dine data med<\/strong><\/p>\n\n\n\n<p><strong>Hvor l\u00e6nge vi gemmer dine data<\/strong><\/p>\n\n\n\n<p>Hvis du skriver en kommentar, bevares kommentaren og dens metadata p\u00e5 ubestemt tid. Dette er for, at vi automatisk kan genkende og godkende opf\u00f8lgende kommentarer i stedet for at holde dem i en moderationsk\u00f8.<\/p>\n\n\n\n<p>For brugere, der registrerer sig p\u00e5 vores hjemmeside (hvis nogen), gemmer vi ogs\u00e5 de personlige oplysninger, de opgiver i deres brugerprofil. Alle brugere kan se, redigere eller slette deres personlige oplysninger til enhver tid (undtagen brugernavnet, som ikke kan \u00e6ndres). Webstedets administratorer kan ogs\u00e5 se og redigere disse oplysninger.<\/p>\n\n\n\n<p><strong>Dine rettigheder over dine data<\/strong><\/p>\n\n\n\n<p>Hvis du har en konto p\u00e5 dette websted eller har skrevet kommentarer, kan du anmode om at modtage en eksporteret fil med de personoplysninger, vi har om dig, herunder alle oplysninger, du har givet os. Du kan ogs\u00e5 anmode om, at vi sletter alle personoplysninger, vi har om dig. Dette inkluderer ikke data, som vi er forpligtet til at gemme af administrative, juridiske eller sikkerhedsm\u00e6ssige \u00e5rsager.<\/p>\n\n\n\n<p><strong>Hvor vi sender dine data hen<\/strong><\/p>\n\n\n\n<p>Bes\u00f8gendes kommentarer kan blive kontrolleret af en automatisk spam-detektionstjeneste.<\/p>\n","protected":false},"excerpt":{"rendered":"<p>Hvem vi er Vores webadresse er: http:\/\/www.lfventilation.dk. Hvilke personoplysninger vi indsamler og hvorfor vi indsamler dem Kommentarer N\u00e5r bes\u00f8gende skriver kommentarer p\u00e5 siden, indsamler vi de data, der vises i kommentarskemaet, samt den bes\u00f8gendes IP-adresse og browserens brugeragentstreng for at hj\u00e6lpe med at opdage spam. En anonymiseret streng, der er oprettet ud fra din e-mailadresse [&hellip;]<\/p>\n","protected":false},"author":3,"featured_media":0,"parent":0,"menu_order":0,"comment_status":"closed","ping_status":"open","template":"","meta":{"footnotes":""},"class_list":["post-3","page","type-page","status-publish","hentry"],"_links":{"self":[{"href":"http:\/\/www.lfventilation.dk\/index.php\/wp-json\/wp\/v2\/pages\/3","targetHints":{"allow":["GET"]}}],"collection":[{"href":"http:\/\/www.lfventilation.dk\/index.php\/wp-json\/wp\/v2\/pages"}],"about":[{"href":"http:\/\/www.lfventilation.dk\/index.php\/wp-json\/wp\/v2\/types\/page"}],"author":[{"embeddable":true,"href":"http:\/\/www.lfventilation.dk\/index.php\/wp-json\/wp\/v2\/users\/3"}],"replies":[{"embeddable":true,"href":"http:\/\/www.lfventilation.dk\/index.php\/wp-json\/wp\/v2\/comments?post=3"}],"version-history":[{"count":3,"href":"http:\/\/www.lfventilation.dk\/index.php\/wp-json\/wp\/v2\/pages\/3\/revisions"}],"predecessor-version":[{"id":434,"href":"http:\/\/www.lfventilation.dk\/index.php\/wp-json\/wp\/v2\/pages\/3\/revisions\/434"}],"wp:attachment":[{"href":"http:\/\/www.lfventilation.dk\/index.php\/wp-json\/wp\/v2\/media?parent=3"}],"curies":[{"name":"wp","href":"https:\/\/api.w.org\/{rel}","templated":true}]}}