{"id":81,"date":"2019-06-19T10:07:14","date_gmt":"2019-06-19T08:07:14","guid":{"rendered":"http:\/\/www.lfventilation.dk\/?page_id=81"},"modified":"2025-05-22T11:19:36","modified_gmt":"2025-05-22T09:19:36","slug":"lf-vent","status":"publish","type":"page","link":"http:\/\/www.lfventilation.dk\/index.php\/lf-vent\/","title":{"rendered":"LF Vent ApS"},"content":{"rendered":"\n<p>LF Vent ApS er en dansk virksomhed med speciale i udvikling og produktion af skr\u00e6ddersyede ventilationsl\u00f8sninger til industri, marine og infrastruktur. Med base i N\u00e6stved og over 25 \u00e5rs samlet erfaring i branchen leverer vi teknisk avancerede og driftssikre systemer, der opfylder b\u00e5de standard- og specialkrav i kr\u00e6vende milj\u00f8er.<\/p>\n\n\n\n<p>Vi tilbyder et bredt program af ventilationsprodukter, herunder:<\/p>\n\n\n\n<ul class=\"wp-block-list\">\n<li>Luftbehandlingsanl\u00e6g (AHU) til industri- og procesventilation<\/li>\n\n\n\n<li>Ventilationssystemer til skibs- og tunnelprojekter<\/li>\n\n\n\n<li>ATEX-klassificerede enheder til eksplosionsfarlige omr\u00e5der<\/li>\n\n\n\n<li>Komponenter i rustfri og syrefaste materialer<\/li>\n\n\n\n<li>Tilpassede ventilatorer og kanalsystemer til specifikke flow- og trykkrav<\/li>\n\n\n\n<li>Integrerede styre- og overv\u00e5gningssystemer (PLC\/SCADA)<\/li>\n<\/ul>\n\n\n\n<p>Vores l\u00f8sninger konstrueres med fokus p\u00e5 h\u00f8j energieffektivitet, lang levetid og lavt vedligehold. Vi arbejder ud fra g\u00e6ldende normer og direktiver, herunder ISO-standarder, EN 12101 og ATEX, og sikrer altid dokumentation og CE-m\u00e6rkning, hvor det er p\u00e5kr\u00e6vet.<\/p>\n\n\n\n<p>LF Vent ApS tilbyder b\u00e5de standardmoduler og 100% kundespecifikke konfigurationer \u2013 fra id\u00e9, CAD-baseret design og teknisk sparring til montage og on-site test. Vores erfarne team af teknikere og ingeni\u00f8rer indg\u00e5r som aktive samarbejdspartnere gennem hele projektets levetid.<\/p>\n\n\n\n<p>Vi er en del af det lokale og faglige erhvervsnetv\u00e6rk og stolte medlemmer af Danske Maritime og N\u00e6stved Erhvervsforening. Vores m\u00e5l er at levere l\u00f8sninger, der ikke blot flytter luft \u2013 men skaber v\u00e6rdi gennem dokumenteret ydeevne, funktionalitet og kvalitet.<\/p>\n\n\n\n<div style=\"height:25px\" aria-hidden=\"true\" class=\"wp-block-spacer\"><\/div>\n\n\n\n<hr class=\"wp-block-separator has-alpha-channel-opacity is-style-wide\"\/>\n\n\n\n<h4 class=\"wp-block-heading\">Aksial Ventilator<\/h4>\n\n\n\n<div class=\"wp-block-media-text is-stacked-on-mobile\"><figure class=\"wp-block-media-text__media\"><img loading=\"lazy\" decoding=\"async\" width=\"1024\" height=\"753\" src=\"https:\/\/www.lfventilation.dk\/wp-content\/uploads\/2024\/09\/WEB-1920px-Q70-ACN-magnelis_4-1024x753.png\" alt=\"\" class=\"wp-image-401 size-full\" srcset=\"http:\/\/www.lfventilation.dk\/wp-content\/uploads\/2024\/09\/WEB-1920px-Q70-ACN-magnelis_4-1024x753.png 1024w, http:\/\/www.lfventilation.dk\/wp-content\/uploads\/2024\/09\/WEB-1920px-Q70-ACN-magnelis_4-300x221.png 300w, http:\/\/www.lfventilation.dk\/wp-content\/uploads\/2024\/09\/WEB-1920px-Q70-ACN-magnelis_4-768x565.png 768w, http:\/\/www.lfventilation.dk\/wp-content\/uploads\/2024\/09\/WEB-1920px-Q70-ACN-magnelis_4-1536x1130.png 1536w, http:\/\/www.lfventilation.dk\/wp-content\/uploads\/2024\/09\/WEB-1920px-Q70-ACN-magnelis_4-1x1.png 1w, http:\/\/www.lfventilation.dk\/wp-content\/uploads\/2024\/09\/WEB-1920px-Q70-ACN-magnelis_4.png 1920w\" sizes=\"auto, (max-width: 1024px) 100vw, 1024px\" \/><\/figure><div class=\"wp-block-media-text__content\">\n<p>Diameter fra \u00d8 250 til \u00d8 3.150 mm.<br>Motor st\u00f8rrelse fra 63 til 400.<br>Skakten kan leveres i kort, lang, ud svingbar udgave, samt med lindl\u00f8bstragt i selve skakten.<\/p>\n<\/div><\/div>\n\n\n\n<div style=\"height:25px\" aria-hidden=\"true\" class=\"wp-block-spacer\"><\/div>\n\n\n\n<hr class=\"wp-block-separator has-alpha-channel-opacity is-style-wide\"\/>\n\n\n\n<h4 class=\"wp-block-heading\">Tunnel Ventilator<\/h4>\n\n\n\n<div class=\"wp-block-media-text has-media-on-the-right is-stacked-on-mobile\"><div class=\"wp-block-media-text__content\">\n<p>Diameter fra \u00d8400 til \u00d81.800 mm.<br>Skakten kan leveres lige og som banajet.<\/p>\n<\/div><figure class=\"wp-block-media-text__media\"><img loading=\"lazy\" decoding=\"async\" width=\"1024\" height=\"647\" src=\"https:\/\/www.lfventilation.dk\/wp-content\/uploads\/2024\/09\/Strahlventilator-1024x647.png\" alt=\"\" class=\"wp-image-403 size-full\" srcset=\"http:\/\/www.lfventilation.dk\/wp-content\/uploads\/2024\/09\/Strahlventilator-1024x647.png 1024w, http:\/\/www.lfventilation.dk\/wp-content\/uploads\/2024\/09\/Strahlventilator-300x189.png 300w, http:\/\/www.lfventilation.dk\/wp-content\/uploads\/2024\/09\/Strahlventilator-768x485.png 768w, http:\/\/www.lfventilation.dk\/wp-content\/uploads\/2024\/09\/Strahlventilator-1536x970.png 1536w, http:\/\/www.lfventilation.dk\/wp-content\/uploads\/2024\/09\/Strahlventilator-1x1.png 1w, http:\/\/www.lfventilation.dk\/wp-content\/uploads\/2024\/09\/Strahlventilator.png 1544w\" sizes=\"auto, (max-width: 1024px) 100vw, 1024px\" \/><\/figure><\/div>\n\n\n\n<div style=\"height:25px\" aria-hidden=\"true\" class=\"wp-block-spacer\"><\/div>\n\n\n\n<hr class=\"wp-block-separator has-alpha-channel-opacity is-style-wide\"\/>\n\n\n\n<h4 class=\"wp-block-heading\">Centrifugal Ventilator<\/h4>\n\n\n\n<div class=\"wp-block-media-text is-stacked-on-mobile\"><figure class=\"wp-block-media-text__media\"><img loading=\"lazy\" decoding=\"async\" width=\"1920\" height=\"2560\" src=\"https:\/\/www.lfventilation.dk\/wp-content\/uploads\/2024\/08\/Picture_2_defocus.jpg\" alt=\"\" class=\"wp-image-333 size-full\" srcset=\"http:\/\/www.lfventilation.dk\/wp-content\/uploads\/2024\/08\/Picture_2_defocus.jpg 1920w, http:\/\/www.lfventilation.dk\/wp-content\/uploads\/2024\/08\/Picture_2_defocus-225x300.jpg 225w, http:\/\/www.lfventilation.dk\/wp-content\/uploads\/2024\/08\/Picture_2_defocus-768x1024.jpg 768w, http:\/\/www.lfventilation.dk\/wp-content\/uploads\/2024\/08\/Picture_2_defocus-1152x1536.jpg 1152w, http:\/\/www.lfventilation.dk\/wp-content\/uploads\/2024\/08\/Picture_2_defocus-1536x2048.jpg 1536w, http:\/\/www.lfventilation.dk\/wp-content\/uploads\/2024\/08\/Picture_2_defocus-1x1.jpg 1w\" sizes=\"auto, (max-width: 1920px) 100vw, 1920px\" \/><\/figure><div class=\"wp-block-media-text__content\">\n<p>Vingest\u00f8rrelse fra \u00d8250 til 3.000 mm.<br>Udf\u00f8rslen kan laves til jeres behov.<\/p>\n<\/div><\/div>\n\n\n\n<div style=\"height:25px\" aria-hidden=\"true\" class=\"wp-block-spacer\"><\/div>\n\n\n\n<hr class=\"wp-block-separator has-alpha-channel-opacity is-style-wide\"\/>\n\n\n\n<p><\/p>\n","protected":false},"excerpt":{"rendered":"<p>LF Vent ApS er en dansk virksomhed med speciale i udvikling og produktion af skr\u00e6ddersyede ventilationsl\u00f8sninger til industri, marine og infrastruktur. Med base i N\u00e6stved og over 25 \u00e5rs samlet erfaring i branchen leverer vi teknisk avancerede og driftssikre systemer, der opfylder b\u00e5de standard- og specialkrav i kr\u00e6vende milj\u00f8er. Vi tilbyder et bredt program af [&hellip;]<\/p>\n","protected":false},"author":3,"featured_media":0,"parent":0,"menu_order":0,"comment_status":"closed","ping_status":"closed","template":"","meta":{"footnotes":""},"class_list":["post-81","page","type-page","status-publish","hentry"],"_links":{"self":[{"href":"http:\/\/www.lfventilation.dk\/index.php\/wp-json\/wp\/v2\/pages\/81","targetHints":{"allow":["GET"]}}],"collection":[{"href":"http:\/\/www.lfventilation.dk\/index.php\/wp-json\/wp\/v2\/pages"}],"about":[{"href":"http:\/\/www.lfventilation.dk\/index.php\/wp-json\/wp\/v2\/types\/page"}],"author":[{"embeddable":true,"href":"http:\/\/www.lfventilation.dk\/index.php\/wp-json\/wp\/v2\/users\/3"}],"replies":[{"embeddable":true,"href":"http:\/\/www.lfventilation.dk\/index.php\/wp-json\/wp\/v2\/comments?post=81"}],"version-history":[{"count":18,"href":"http:\/\/www.lfventilation.dk\/index.php\/wp-json\/wp\/v2\/pages\/81\/revisions"}],"predecessor-version":[{"id":428,"href":"http:\/\/www.lfventilation.dk\/index.php\/wp-json\/wp\/v2\/pages\/81\/revisions\/428"}],"wp:attachment":[{"href":"http:\/\/www.lfventilation.dk\/index.php\/wp-json\/wp\/v2\/media?parent=81"}],"curies":[{"name":"wp","href":"https:\/\/api.w.org\/{rel}","templated":true}]}}