{"id":311,"date":"2024-08-16T09:18:02","date_gmt":"2024-08-16T07:18:02","guid":{"rendered":"https:\/\/www.lfventilation.dk\/?page_id=311"},"modified":"2025-05-22T11:28:26","modified_gmt":"2025-05-22T09:28:26","slug":"organisation","status":"publish","type":"page","link":"https:\/\/www.lfventilation.dk\/index.php\/organisation\/","title":{"rendered":"Organisation"},"content":{"rendered":"\n<div style=\"height:20px\" aria-hidden=\"true\" class=\"wp-block-spacer\"><\/div>\n\n\n\n<p>LF Vent ApS<br>Smedev\u00e6nget 3<br>4700 N\u00e6stved<br>Telefon: <a href=\"tel:+4555772244\" data-type=\"tel\" data-id=\"tel:\">+45 55 77 22 44<\/a><br>E-mail: <a href=\"mailto:Vent@LF-Group.dk\">Vent@LF-Group.dk<\/a><\/p>\n\n\n\n<hr class=\"wp-block-separator has-alpha-channel-opacity is-style-wide\"\/>\n\n\n\n<div class=\"wp-block-media-text is-stacked-on-mobile\" style=\"grid-template-columns:25% auto\"><figure class=\"wp-block-media-text__media\"><img loading=\"lazy\" decoding=\"async\" width=\"720\" height=\"601\" src=\"http:\/\/www.lfventilation.dk\/wp-content\/uploads\/2024\/08\/billede-paa-vej-1.jpg\" alt=\"\" class=\"wp-image-318 size-full\" srcset=\"https:\/\/www.lfventilation.dk\/wp-content\/uploads\/2024\/08\/billede-paa-vej-1.jpg 720w, https:\/\/www.lfventilation.dk\/wp-content\/uploads\/2024\/08\/billede-paa-vej-1-300x250.jpg 300w, https:\/\/www.lfventilation.dk\/wp-content\/uploads\/2024\/08\/billede-paa-vej-1-1x1.jpg 1w\" sizes=\"auto, (max-width: 720px) 100vw, 720px\" \/><\/figure><div class=\"wp-block-media-text__content\">\n<p>Lars Fischer<br>Ejer<br>E-mail: <a href=\"mailto:LF@LF-Group.dk\">LF@LF-Group.dk<\/a><\/p>\n<\/div><\/div>\n\n\n\n<hr class=\"wp-block-separator has-alpha-channel-opacity is-style-wide\"\/>\n\n\n\n<div class=\"wp-block-media-text is-stacked-on-mobile\" style=\"grid-template-columns:25% auto\"><figure class=\"wp-block-media-text__media\"><img loading=\"lazy\" decoding=\"async\" width=\"720\" height=\"601\" src=\"http:\/\/www.lfventilation.dk\/wp-content\/uploads\/2024\/08\/billede-paa-vej-1.jpg\" alt=\"\" class=\"wp-image-318 size-full\" srcset=\"https:\/\/www.lfventilation.dk\/wp-content\/uploads\/2024\/08\/billede-paa-vej-1.jpg 720w, https:\/\/www.lfventilation.dk\/wp-content\/uploads\/2024\/08\/billede-paa-vej-1-300x250.jpg 300w, https:\/\/www.lfventilation.dk\/wp-content\/uploads\/2024\/08\/billede-paa-vej-1-1x1.jpg 1w\" sizes=\"auto, (max-width: 720px) 100vw, 720px\" \/><\/figure><div class=\"wp-block-media-text__content\">\n<p>Lars Hauskov<br>Direkt\u00f8r<br>E-mail: <a href=\"mailto:LH@LF-Group.dk\">LH@LF-Group.dk<\/a><\/p>\n<\/div><\/div>\n\n\n\n<hr class=\"wp-block-separator has-alpha-channel-opacity is-style-wide\"\/>\n\n\n\n<div class=\"wp-block-media-text is-stacked-on-mobile\" style=\"grid-template-columns:25% auto\"><figure class=\"wp-block-media-text__media\"><img loading=\"lazy\" decoding=\"async\" width=\"720\" height=\"601\" src=\"https:\/\/www.lfventilation.dk\/wp-content\/uploads\/2024\/08\/billede-paa-vej.jpg\" alt=\"\" class=\"wp-image-316 size-full\" srcset=\"https:\/\/www.lfventilation.dk\/wp-content\/uploads\/2024\/08\/billede-paa-vej.jpg 720w, https:\/\/www.lfventilation.dk\/wp-content\/uploads\/2024\/08\/billede-paa-vej-300x250.jpg 300w, https:\/\/www.lfventilation.dk\/wp-content\/uploads\/2024\/08\/billede-paa-vej-1x1.jpg 1w\" sizes=\"auto, (max-width: 720px) 100vw, 720px\" \/><\/figure><div class=\"wp-block-media-text__content\">\n<p>Diana B. Nielsen<br>HVAC Ingeni\u00f8r<br>E-mail: <a href=\"mailto:DBN@LF-Group.dk\">DBN@LF-Group.dk<\/a><\/p>\n<\/div><\/div>\n\n\n\n<hr class=\"wp-block-separator has-alpha-channel-opacity is-style-wide\"\/>\n\n\n\n<div class=\"wp-block-media-text is-stacked-on-mobile\" style=\"grid-template-columns:25% auto\"><figure class=\"wp-block-media-text__media\"><img loading=\"lazy\" decoding=\"async\" width=\"720\" height=\"601\" src=\"https:\/\/www.lfventilation.dk\/wp-content\/uploads\/2024\/08\/billede-paa-vej.jpg\" alt=\"\" class=\"wp-image-316 size-full\" srcset=\"https:\/\/www.lfventilation.dk\/wp-content\/uploads\/2024\/08\/billede-paa-vej.jpg 720w, https:\/\/www.lfventilation.dk\/wp-content\/uploads\/2024\/08\/billede-paa-vej-300x250.jpg 300w, https:\/\/www.lfventilation.dk\/wp-content\/uploads\/2024\/08\/billede-paa-vej-1x1.jpg 1w\" sizes=\"auto, (max-width: 720px) 100vw, 720px\" \/><\/figure><div class=\"wp-block-media-text__content\">\n<p>Berit Christensen<br>Teknisk Designer<br>E-mail: <a href=\"mailto:BCH@LF-Group.dk\">BCH@LF-Group.dk<\/a><\/p>\n<\/div><\/div>\n\n\n\n<hr class=\"wp-block-separator has-alpha-channel-opacity is-style-wide\"\/>\n\n\n\n<div class=\"wp-block-media-text is-stacked-on-mobile\" style=\"grid-template-columns:25% auto\"><figure class=\"wp-block-media-text__media\"><img loading=\"lazy\" decoding=\"async\" width=\"720\" height=\"601\" src=\"https:\/\/www.lfventilation.dk\/wp-content\/uploads\/2024\/08\/billede-paa-vej.jpg\" alt=\"\" class=\"wp-image-316 size-full\" srcset=\"https:\/\/www.lfventilation.dk\/wp-content\/uploads\/2024\/08\/billede-paa-vej.jpg 720w, https:\/\/www.lfventilation.dk\/wp-content\/uploads\/2024\/08\/billede-paa-vej-300x250.jpg 300w, https:\/\/www.lfventilation.dk\/wp-content\/uploads\/2024\/08\/billede-paa-vej-1x1.jpg 1w\" sizes=\"auto, (max-width: 720px) 100vw, 720px\" \/><\/figure><div class=\"wp-block-media-text__content\">\n<p>Per Pries<br>Salgs Ingeni\u00f8r<br>E-mail: <a href=\"mailto:PP@LF-Group.dk\">PP@LF-Group.dk<\/a><\/p>\n<\/div><\/div>\n\n\n\n<hr class=\"wp-block-separator has-alpha-channel-opacity is-style-wide\"\/>\n\n\n\n<div class=\"wp-block-media-text is-stacked-on-mobile\" style=\"grid-template-columns:25% auto\"><figure class=\"wp-block-media-text__media\"><img loading=\"lazy\" decoding=\"async\" width=\"720\" height=\"601\" src=\"http:\/\/www.lfventilation.dk\/wp-content\/uploads\/2024\/08\/billede-paa-vej-1.jpg\" alt=\"\" class=\"wp-image-318 size-full\" srcset=\"https:\/\/www.lfventilation.dk\/wp-content\/uploads\/2024\/08\/billede-paa-vej-1.jpg 720w, https:\/\/www.lfventilation.dk\/wp-content\/uploads\/2024\/08\/billede-paa-vej-1-300x250.jpg 300w, https:\/\/www.lfventilation.dk\/wp-content\/uploads\/2024\/08\/billede-paa-vej-1-1x1.jpg 1w\" sizes=\"auto, (max-width: 720px) 100vw, 720px\" \/><\/figure><div class=\"wp-block-media-text__content\">\n<p>Peter Fredriksen<br>Ingeni\u00f8r<br>E-mail: <a href=\"mailto:PF@LF-Group.dk\">PF@LF-Group.dk<\/a><\/p>\n<\/div><\/div>\n\n\n\n<hr class=\"wp-block-separator has-alpha-channel-opacity is-style-wide\"\/>\n\n\n\n<div class=\"wp-block-media-text is-stacked-on-mobile\" style=\"grid-template-columns:25% auto\"><figure class=\"wp-block-media-text__media\"><img loading=\"lazy\" decoding=\"async\" width=\"720\" height=\"601\" src=\"https:\/\/www.lfventilation.dk\/wp-content\/uploads\/2024\/08\/billede-paa-vej-1.jpg\" alt=\"\" class=\"wp-image-318 size-full\" srcset=\"https:\/\/www.lfventilation.dk\/wp-content\/uploads\/2024\/08\/billede-paa-vej-1.jpg 720w, https:\/\/www.lfventilation.dk\/wp-content\/uploads\/2024\/08\/billede-paa-vej-1-300x250.jpg 300w, https:\/\/www.lfventilation.dk\/wp-content\/uploads\/2024\/08\/billede-paa-vej-1-1x1.jpg 1w\" sizes=\"auto, (max-width: 720px) 100vw, 720px\" \/><\/figure><div class=\"wp-block-media-text__content\">\n<p>Jeanette Larsen<br>Bogholder<br>E-mail: <a href=\"mailto:Regnskab@LF-Group.dk\">Regnskab@LF-Group.dk<\/a><\/p>\n<\/div><\/div>\n\n\n\n<hr class=\"wp-block-separator has-alpha-channel-opacity is-style-wide\"\/>\n\n\n\n<p><\/p>\n","protected":false},"excerpt":{"rendered":"<p>LF Vent ApSSmedev\u00e6nget 34700 N\u00e6stvedTelefon: +45 55 77 22 44E-mail: Vent@LF-Group.dk Lars FischerEjerE-mail: LF@LF-Group.dk Lars HauskovDirekt\u00f8rE-mail: LH@LF-Group.dk Diana B. NielsenHVAC Ingeni\u00f8rE-mail: DBN@LF-Group.dk Berit ChristensenTeknisk DesignerE-mail: BCH@LF-Group.dk Per PriesSalgs Ingeni\u00f8rE-mail: PP@LF-Group.dk Peter FredriksenIngeni\u00f8rE-mail: PF@LF-Group.dk Jeanette LarsenBogholderE-mail: Regnskab@LF-Group.dk<\/p>\n","protected":false},"author":3,"featured_media":0,"parent":0,"menu_order":0,"comment_status":"closed","ping_status":"closed","template":"","meta":{"footnotes":""},"class_list":["post-311","page","type-page","status-publish","hentry"],"_links":{"self":[{"href":"https:\/\/www.lfventilation.dk\/index.php\/wp-json\/wp\/v2\/pages\/311","targetHints":{"allow":["GET"]}}],"collection":[{"href":"https:\/\/www.lfventilation.dk\/index.php\/wp-json\/wp\/v2\/pages"}],"about":[{"href":"https:\/\/www.lfventilation.dk\/index.php\/wp-json\/wp\/v2\/types\/page"}],"author":[{"embeddable":true,"href":"https:\/\/www.lfventilation.dk\/index.php\/wp-json\/wp\/v2\/users\/3"}],"replies":[{"embeddable":true,"href":"https:\/\/www.lfventilation.dk\/index.php\/wp-json\/wp\/v2\/comments?post=311"}],"version-history":[{"count":21,"href":"https:\/\/www.lfventilation.dk\/index.php\/wp-json\/wp\/v2\/pages\/311\/revisions"}],"predecessor-version":[{"id":431,"href":"https:\/\/www.lfventilation.dk\/index.php\/wp-json\/wp\/v2\/pages\/311\/revisions\/431"}],"wp:attachment":[{"href":"https:\/\/www.lfventilation.dk\/index.php\/wp-json\/wp\/v2\/media?parent=311"}],"curies":[{"name":"wp","href":"https:\/\/api.w.org\/{rel}","templated":true}]}}