{"id":45,"date":"2019-05-29T10:58:08","date_gmt":"2019-05-29T10:58:08","guid":{"rendered":"http:\/\/www.lfventilation.dk\/?page_id=45"},"modified":"2024-08-16T10:03:38","modified_gmt":"2024-08-16T08:03:38","slug":"lf-marine","status":"publish","type":"page","link":"https:\/\/www.lfventilation.dk\/index.php\/lf-marine\/","title":{"rendered":"LF marine"},"content":{"rendered":"\n<hr class=\"wp-block-separator has-alpha-channel-opacity is-style-wide\"\/>\n\n\n\n<figure class=\"wp-block-image size-full\"><img loading=\"lazy\" decoding=\"async\" width=\"970\" height=\"250\" src=\"https:\/\/www.lfventilation.dk\/wp-content\/uploads\/2023\/08\/Banner-970-x-250.gif\" alt=\"\" class=\"wp-image-302\"\/><\/figure>\n\n\n\n<hr class=\"wp-block-separator has-alpha-channel-opacity is-style-wide\"\/>\n\n\n\n<p>LF Marine kan levere alt i b\u00e5dudstyr, lige meget om du mangler en meter fort\u00f8jning eller en ny motor til din b\u00e5d.<\/p>\n\n\n\n<p>Ring og h\u00f8r n\u00e6rmere p\u00e5 <a href=\"tel:55772244\" data-type=\"tel\" data-id=\"tel:55772244\">55 77 22 44<\/a>. <br>Eller bes\u00f8g os i butikken p\u00e5 Smedev\u00e6nget 3, 4700 N\u00e6stved<br>E-mail: <a href=\"mailto:marine@lf-group.dk\">Marine@LF-Group.dk<\/a><\/p>\n\n\n\n<hr class=\"wp-block-separator has-alpha-channel-opacity is-style-wide\"\/>\n\n\n\n<h2 class=\"wp-block-heading\"> TrygFond Veste <\/h2>\n\n\n\n<p class=\"has-vivid-cyan-blue-color has-text-color\"><a href=\"https:\/\/www.lfventilation.dk\/index.php\/lf-marine\/trykfond-veste\/\">Ved bestilling af veste fra TrygFondden kan du se mulighederne her<\/a><\/p>\n\n\n\n<hr class=\"wp-block-separator has-alpha-channel-opacity is-style-wide\"\/>\n","protected":false},"excerpt":{"rendered":"<p>LF Marine kan levere alt i b\u00e5dudstyr, lige meget om du mangler en meter fort\u00f8jning eller en ny motor til din b\u00e5d. Ring og h\u00f8r n\u00e6rmere p\u00e5 55 77 22 44. Eller bes\u00f8g os i butikken p\u00e5 Smedev\u00e6nget 3, 4700 N\u00e6stvedE-mail: Marine@LF-Group.dk TrygFond Veste Ved bestilling af veste fra TrygFondden kan du se mulighederne her<\/p>\n","protected":false},"author":2,"featured_media":0,"parent":0,"menu_order":0,"comment_status":"closed","ping_status":"closed","template":"","meta":{"footnotes":""},"class_list":["post-45","page","type-page","status-publish","hentry"],"_links":{"self":[{"href":"https:\/\/www.lfventilation.dk\/index.php\/wp-json\/wp\/v2\/pages\/45","targetHints":{"allow":["GET"]}}],"collection":[{"href":"https:\/\/www.lfventilation.dk\/index.php\/wp-json\/wp\/v2\/pages"}],"about":[{"href":"https:\/\/www.lfventilation.dk\/index.php\/wp-json\/wp\/v2\/types\/page"}],"author":[{"embeddable":true,"href":"https:\/\/www.lfventilation.dk\/index.php\/wp-json\/wp\/v2\/users\/2"}],"replies":[{"embeddable":true,"href":"https:\/\/www.lfventilation.dk\/index.php\/wp-json\/wp\/v2\/comments?post=45"}],"version-history":[{"count":21,"href":"https:\/\/www.lfventilation.dk\/index.php\/wp-json\/wp\/v2\/pages\/45\/revisions"}],"predecessor-version":[{"id":337,"href":"https:\/\/www.lfventilation.dk\/index.php\/wp-json\/wp\/v2\/pages\/45\/revisions\/337"}],"wp:attachment":[{"href":"https:\/\/www.lfventilation.dk\/index.php\/wp-json\/wp\/v2\/media?parent=45"}],"curies":[{"name":"wp","href":"https:\/\/api.w.org\/{rel}","templated":true}]}}